{"id":10,"date":"2020-06-19T09:13:06","date_gmt":"2020-06-19T09:13:06","guid":{"rendered":"http:\/\/virtualsn.es\/cartas_hosteleria\/estanco\/?page_id=10"},"modified":"2023-07-20T08:42:15","modified_gmt":"2023-07-20T08:42:15","slug":"carta","status":"publish","type":"page","link":"http:\/\/virtualsn.es\/cartas_hosteleria\/estanco\/","title":{"rendered":"Carta"},"content":{"rendered":"\t\t<div data-elementor-type=\"wp-page\" data-elementor-id=\"10\" class=\"elementor elementor-10\">\n\t\t\t\t\t\t<section class=\"elementor-section elementor-top-section elementor-element elementor-element-b31b458 elementor-section-boxed elementor-section-height-default elementor-section-height-default\" data-id=\"b31b458\" data-element_type=\"section\">\n\t\t\t\t\t\t<div class=\"elementor-container elementor-column-gap-default\">\n\t\t\t\t\t<div class=\"elementor-column elementor-col-25 elementor-top-column elementor-element elementor-element-e544280\" data-id=\"e544280\" data-element_type=\"column\">\n\t\t\t<div class=\"elementor-widget-wrap\">\n\t\t\t\t\t\t\t<\/div>\n\t\t<\/div>\n\t\t\t\t<div class=\"elementor-column elementor-col-25 elementor-top-column elementor-element elementor-element-bee7cc4\" data-id=\"bee7cc4\" data-element_type=\"column\">\n\t\t\t<div class=\"elementor-widget-wrap elementor-element-populated\">\n\t\t\t\t\t\t<div class=\"elementor-element elementor-element-099fd8a elementor-widget elementor-widget-heading\" data-id=\"099fd8a\" data-element_type=\"widget\" data-widget_type=\"heading.default\">\n\t\t\t\t<div class=\"elementor-widget-container\">\n\t\t\t<h1 class=\"elementor-heading-title elementor-size-default\">platos del d\u00eda<\/h1>\t\t<\/div>\n\t\t\t\t<\/div>\n\t\t\t\t\t<\/div>\n\t\t<\/div>\n\t\t\t\t<div class=\"elementor-column elementor-col-50 elementor-top-column elementor-element elementor-element-7da87c5\" data-id=\"7da87c5\" data-element_type=\"column\">\n\t\t\t<div class=\"elementor-widget-wrap\">\n\t\t\t\t\t\t\t<\/div>\n\t\t<\/div>\n\t\t\t\t\t<\/div>\n\t\t<\/section>\n\t\t\t\t<section class=\"elementor-section elementor-top-section elementor-element elementor-element-a72e202 elementor-section-full_width elementor-section-stretched elementor-section-height-default elementor-section-height-default\" data-id=\"a72e202\" data-element_type=\"section\" data-settings=\"{&quot;stretch_section&quot;:&quot;section-stretched&quot;}\">\n\t\t\t\t\t\t<div class=\"elementor-container elementor-column-gap-default\">\n\t\t\t\t\t<div class=\"elementor-column elementor-col-25 elementor-top-column elementor-element elementor-element-0f97264\" data-id=\"0f97264\" data-element_type=\"column\">\n\t\t\t<div class=\"elementor-widget-wrap\">\n\t\t\t\t\t\t\t<\/div>\n\t\t<\/div>\n\t\t\t\t<div class=\"elementor-column elementor-col-50 elementor-top-column elementor-element elementor-element-513a491\" data-id=\"513a491\" data-element_type=\"column\">\n\t\t\t<div class=\"elementor-widget-wrap\">\n\t\t\t\t\t\t\t<\/div>\n\t\t<\/div>\n\t\t\t\t<div class=\"elementor-column elementor-col-25 elementor-top-column elementor-element elementor-element-7c754d8\" data-id=\"7c754d8\" data-element_type=\"column\">\n\t\t\t<div class=\"elementor-widget-wrap\">\n\t\t\t\t\t\t\t<\/div>\n\t\t<\/div>\n\t\t\t\t\t<\/div>\n\t\t<\/section>\n\t\t\t\t<section class=\"elementor-section elementor-top-section elementor-element elementor-element-cfa839c elementor-section-stretched elementor-section-boxed elementor-section-height-default elementor-section-height-default\" data-id=\"cfa839c\" data-element_type=\"section\" data-settings=\"{&quot;stretch_section&quot;:&quot;section-stretched&quot;}\">\n\t\t\t\t\t\t<div class=\"elementor-container elementor-column-gap-default\">\n\t\t\t\t\t<div class=\"elementor-column elementor-col-50 elementor-top-column elementor-element elementor-element-c88e22a\" data-id=\"c88e22a\" data-element_type=\"column\">\n\t\t\t<div class=\"elementor-widget-wrap elementor-element-populated\">\n\t\t\t\t\t\t<div class=\"elementor-element elementor-element-cc95174 elementor-widget elementor-widget-heading\" data-id=\"cc95174\" data-element_type=\"widget\" data-widget_type=\"heading.default\">\n\t\t\t\t<div class=\"elementor-widget-container\">\n\t\t\t<h2 class=\"elementor-heading-title elementor-size-default\">PARA PICAR<\/h2>\t\t<\/div>\n\t\t\t\t<\/div>\n\t\t\t\t<div class=\"elementor-element elementor-element-db40479 elementor-widget-divider--separator-type-pattern elementor-widget-divider--no-spacing elementor-widget-divider--view-line elementor-widget elementor-widget-divider\" data-id=\"db40479\" data-element_type=\"widget\" data-widget_type=\"divider.default\">\n\t\t\t\t<div class=\"elementor-widget-container\">\n\t\t\t\t\t<div class=\"elementor-divider\" style=\"--divider-pattern-url: url(&quot;data:image\/svg+xml,%3Csvg xmlns=&#039;http:\/\/www.w3.org\/2000\/svg&#039; preserveAspectRatio=&#039;xMidYMid meet&#039; overflow=&#039;visible&#039; height=&#039;100%&#039; viewBox=&#039;0 0 117 26&#039; fill=&#039;black&#039; stroke=&#039;none&#039;%3E%3Cpath d=&#039;M3,1.5C5,4.9,6,8.8,6,13s-1.7,8.1-5,11.5C0.3,21.1,0,17.2,0,13S1,4.9,3,1.5z M16,1.5c2,3.4,3,7.3,3,11.5s-1,8.1-3,11.5c-2-4.1-3-8.3-3-12.5S14,4.3,16,1.5z M29,1.5c2,4.8,3,9.3,3,13.5s-1,7.4-3,9.5c-2-3.4-3-7.3-3-11.5S27,4.9,29,1.5z M41.1,1.5C43.7,4.9,45,8.8,45,13s-1,8.1-3,11.5c-2-3.4-3-7.3-3-11.5S39.7,4.9,41.1,1.5zM55,1.5c2,2.8,3,6.3,3,10.5s-1.3,8.4-4,12.5c-1.3-3.4-2-7.3-2-11.5S53,4.9,55,1.5z M68,1.5c2,3.4,3,7.3,3,11.5s-0.7,8.1-2,11.5c-2.7-4.8-4-9.3-4-13.5S66,3.6,68,1.5z M82,1.5c1.3,4.8,2,9.3,2,13.5s-1,7.4-3,9.5c-2-3.4-3-7.3-3-11.5S79.3,4.9,82,1.5z M94,1.5c2,3.4,3,7.3,3,11.5s-1.3,8.1-4,11.5c-1.3-1.4-2-4.3-2-8.5S92,6.9,94,1.5z M107,1.5c2,2.1,3,5.3,3,9.5s-0.7,8.7-2,13.5c-2.7-3.4-4-7.3-4-11.5S105,4.9,107,1.5z&#039;\/%3E%3C\/svg%3E&quot;);\">\n\t\t\t<span class=\"elementor-divider-separator\">\n\t\t\t\t\t\t<\/span>\n\t\t<\/div>\n\t\t\t\t<\/div>\n\t\t\t\t<\/div>\n\t\t\t\t<div class=\"elementor-element elementor-element-e314d66 elementor-widget elementor-widget-restaurant-menu-widget\" data-id=\"e314d66\" data-element_type=\"widget\" data-widget_type=\"restaurant-menu-widget.default\">\n\t\t\t\t<div class=\"elementor-widget-container\">\n\t\t\t<div class=\"elementor-restaurant-menu-widget\"><div class=\"menu-item\"><div class=\"menu-item-title-row\"><div class=\"menu-item-title\">Tomate ali\u00f1ado<\/div><span class=\"price\">8,50\u20ac<\/span><\/div><\/div><div class=\"menu-item\"><div class=\"menu-item-title-row\"><div class=\"menu-item-title\">Tomate con mozarella<\/div><span class=\"price\">11,50\u20ac<\/span><\/div><\/div><div class=\"menu-item\"><div class=\"menu-item-title-row\"><div class=\"menu-item-title\">Ensalada de queso con nueces caramelizadas y vinagreta de miel<\/div><span class=\"price\">15,00\u20ac<\/span><\/div><\/div><div class=\"menu-item\"><div class=\"menu-item-title-row\"><div class=\"menu-item-title\">Ensalada de mango y aguacate con gamb\u00f3n a la plancha<\/div><span class=\"price\">22,00\u20ac<\/span><\/div><\/div><div class=\"menu-item\"><div class=\"menu-item-title-row\"><div class=\"menu-item-title\">Ensaladilla rusa<\/div><span class=\"price\">10,00\u20ac<\/span><\/div><\/div><div class=\"menu-item\"><div class=\"menu-item-title-row\"><div class=\"menu-item-title\">Croquetas de jam\u00f3n ib\u00e9rico<\/div><span class=\"price\">15,50\u20ac<\/span><\/div><\/div><div class=\"menu-item\"><div class=\"menu-item-title-row\"><div class=\"menu-item-title\">Criollo c\/patatas fritas<\/div><span class=\"price\">10,30\u20ac<\/span><\/div><\/div><div class=\"menu-item\"><div class=\"menu-item-title-row\"><div class=\"menu-item-title\">Bocartes<\/div><span class=\"price\">14,00\u20ac<\/span><\/div><\/div><div class=\"menu-item\"><div class=\"menu-item-title-row\"><div class=\"menu-item-title\">Calamares frescos fritos<\/div><span class=\"price\">19,50\u20ac<\/span><\/div><\/div><div class=\"menu-item\"><div class=\"menu-item-title-row\"><div class=\"menu-item-title\">Revuelto de gamb\u00f3n<\/div><span class=\"price\">15,50\u20ac<\/span><\/div><\/div><div class=\"menu-item\"><div class=\"menu-item-title-row\"><div class=\"menu-item-title\">Revuelto de setas y jam\u00f3n ib\u00e9rico<\/div><span class=\"price\">14,00\u20ac<\/span><\/div><\/div><div class=\"menu-item\"><div class=\"menu-item-title-row\"><div class=\"menu-item-title\">Tortilla de patata peque\u00f1a<\/div><span class=\"price\">14,00\u20ac<\/span><\/div><\/div><div class=\"menu-item\"><div class=\"menu-item-title-row\"><div class=\"menu-item-title\">Tortilla de patata mediana<\/div><span class=\"price\">18,00\u20ac<\/span><\/div><\/div><div class=\"menu-item\"><div class=\"menu-item-title-row\"><div class=\"menu-item-title\">Tortilla de patata grande <\/div><span class=\"price\">22,00\u20ac<\/span><\/div><\/div><div class=\"menu-item\"><div class=\"menu-item-title-row\"><div class=\"menu-item-title\">Mejillones tigre<\/div><span class=\"price\">14,00\u20ac<\/span><\/div><\/div><div class=\"menu-item\"><div class=\"menu-item-title-row\"><div class=\"menu-item-title\">Calamares tinta con arroz blanco<\/div><span class=\"price\">20,50\u20ac<\/span><\/div><\/div><\/div>\t\t<\/div>\n\t\t\t\t<\/div>\n\t\t\t\t<div class=\"elementor-element elementor-element-e015f5f elementor-widget elementor-widget-text-editor\" data-id=\"e015f5f\" data-element_type=\"widget\" data-widget_type=\"text-editor.default\">\n\t\t\t\t<div class=\"elementor-widget-container\">\n\t\t\t\t\t\t\t<h6 style=\"text-align: center;\"><span style=\"color: #999999;\"><em>Incremento 10% en terraza<\/em><\/span><\/h6>\t\t\t\t\t\t<\/div>\n\t\t\t\t<\/div>\n\t\t\t\t<div class=\"elementor-element elementor-element-e224b93 elementor-widget-divider--separator-type-pattern elementor-widget-divider--no-spacing elementor-widget-divider--view-line elementor-widget elementor-widget-divider\" data-id=\"e224b93\" data-element_type=\"widget\" data-widget_type=\"divider.default\">\n\t\t\t\t<div class=\"elementor-widget-container\">\n\t\t\t\t\t<div class=\"elementor-divider\" style=\"--divider-pattern-url: url(&quot;data:image\/svg+xml,%3Csvg xmlns=&#039;http:\/\/www.w3.org\/2000\/svg&#039; preserveAspectRatio=&#039;xMidYMid meet&#039; overflow=&#039;visible&#039; height=&#039;100%&#039; viewBox=&#039;0 0 117 26&#039; fill=&#039;black&#039; stroke=&#039;none&#039;%3E%3Cpath d=&#039;M3,1.5C5,4.9,6,8.8,6,13s-1.7,8.1-5,11.5C0.3,21.1,0,17.2,0,13S1,4.9,3,1.5z M16,1.5c2,3.4,3,7.3,3,11.5s-1,8.1-3,11.5c-2-4.1-3-8.3-3-12.5S14,4.3,16,1.5z M29,1.5c2,4.8,3,9.3,3,13.5s-1,7.4-3,9.5c-2-3.4-3-7.3-3-11.5S27,4.9,29,1.5z M41.1,1.5C43.7,4.9,45,8.8,45,13s-1,8.1-3,11.5c-2-3.4-3-7.3-3-11.5S39.7,4.9,41.1,1.5zM55,1.5c2,2.8,3,6.3,3,10.5s-1.3,8.4-4,12.5c-1.3-3.4-2-7.3-2-11.5S53,4.9,55,1.5z M68,1.5c2,3.4,3,7.3,3,11.5s-0.7,8.1-2,11.5c-2.7-4.8-4-9.3-4-13.5S66,3.6,68,1.5z M82,1.5c1.3,4.8,2,9.3,2,13.5s-1,7.4-3,9.5c-2-3.4-3-7.3-3-11.5S79.3,4.9,82,1.5z M94,1.5c2,3.4,3,7.3,3,11.5s-1.3,8.1-4,11.5c-1.3-1.4-2-4.3-2-8.5S92,6.9,94,1.5z M107,1.5c2,2.1,3,5.3,3,9.5s-0.7,8.7-2,13.5c-2.7-3.4-4-7.3-4-11.5S105,4.9,107,1.5z&#039;\/%3E%3C\/svg%3E&quot;);\">\n\t\t\t<span class=\"elementor-divider-separator\">\n\t\t\t\t\t\t<\/span>\n\t\t<\/div>\n\t\t\t\t<\/div>\n\t\t\t\t<\/div>\n\t\t\t\t\t<\/div>\n\t\t<\/div>\n\t\t\t\t<div class=\"elementor-column elementor-col-50 elementor-top-column elementor-element elementor-element-1571459\" data-id=\"1571459\" data-element_type=\"column\">\n\t\t\t<div class=\"elementor-widget-wrap elementor-element-populated\">\n\t\t\t\t\t\t<div class=\"elementor-element elementor-element-a0acf18 elementor-widget elementor-widget-heading\" data-id=\"a0acf18\" data-element_type=\"widget\" data-widget_type=\"heading.default\">\n\t\t\t\t<div class=\"elementor-widget-container\">\n\t\t\t<h2 class=\"elementor-heading-title elementor-size-default\">CARNES<\/h2>\t\t<\/div>\n\t\t\t\t<\/div>\n\t\t\t\t<div class=\"elementor-element elementor-element-e2e3ad5 elementor-widget-divider--separator-type-pattern elementor-widget-divider--no-spacing elementor-widget-divider--view-line elementor-widget elementor-widget-divider\" data-id=\"e2e3ad5\" data-element_type=\"widget\" data-widget_type=\"divider.default\">\n\t\t\t\t<div class=\"elementor-widget-container\">\n\t\t\t\t\t<div class=\"elementor-divider\" style=\"--divider-pattern-url: url(&quot;data:image\/svg+xml,%3Csvg xmlns=&#039;http:\/\/www.w3.org\/2000\/svg&#039; preserveAspectRatio=&#039;xMidYMid meet&#039; overflow=&#039;visible&#039; height=&#039;100%&#039; viewBox=&#039;0 0 117 26&#039; fill=&#039;black&#039; stroke=&#039;none&#039;%3E%3Cpath d=&#039;M3,1.5C5,4.9,6,8.8,6,13s-1.7,8.1-5,11.5C0.3,21.1,0,17.2,0,13S1,4.9,3,1.5z M16,1.5c2,3.4,3,7.3,3,11.5s-1,8.1-3,11.5c-2-4.1-3-8.3-3-12.5S14,4.3,16,1.5z M29,1.5c2,4.8,3,9.3,3,13.5s-1,7.4-3,9.5c-2-3.4-3-7.3-3-11.5S27,4.9,29,1.5z M41.1,1.5C43.7,4.9,45,8.8,45,13s-1,8.1-3,11.5c-2-3.4-3-7.3-3-11.5S39.7,4.9,41.1,1.5zM55,1.5c2,2.8,3,6.3,3,10.5s-1.3,8.4-4,12.5c-1.3-3.4-2-7.3-2-11.5S53,4.9,55,1.5z M68,1.5c2,3.4,3,7.3,3,11.5s-0.7,8.1-2,11.5c-2.7-4.8-4-9.3-4-13.5S66,3.6,68,1.5z M82,1.5c1.3,4.8,2,9.3,2,13.5s-1,7.4-3,9.5c-2-3.4-3-7.3-3-11.5S79.3,4.9,82,1.5z M94,1.5c2,3.4,3,7.3,3,11.5s-1.3,8.1-4,11.5c-1.3-1.4-2-4.3-2-8.5S92,6.9,94,1.5z M107,1.5c2,2.1,3,5.3,3,9.5s-0.7,8.7-2,13.5c-2.7-3.4-4-7.3-4-11.5S105,4.9,107,1.5z&#039;\/%3E%3C\/svg%3E&quot;);\">\n\t\t\t<span class=\"elementor-divider-separator\">\n\t\t\t\t\t\t<\/span>\n\t\t<\/div>\n\t\t\t\t<\/div>\n\t\t\t\t<\/div>\n\t\t\t\t<div class=\"elementor-element elementor-element-a868b16 elementor-widget elementor-widget-restaurant-menu-widget\" data-id=\"a868b16\" data-element_type=\"widget\" data-widget_type=\"restaurant-menu-widget.default\">\n\t\t\t\t<div class=\"elementor-widget-container\">\n\t\t\t<div class=\"elementor-restaurant-menu-widget\"><div class=\"menu-item\"><div class=\"menu-item-title-row\"><div class=\"menu-item-title\">Albondigas<\/div><span class=\"price\">15,00<\/span><\/div><\/div><div class=\"menu-item\"><div class=\"menu-item-title-row\"><div class=\"menu-item-title\">Tosta de foie <\/div><span class=\"price\">15,00\u20ac<\/span><\/div><\/div><div class=\"menu-item\"><div class=\"menu-item-title-row\"><div class=\"menu-item-title\">Cachopo de ternera<\/div><span class=\"price\">22,00\u20ac<\/span><\/div><div class=\"menu-item-description\">Jam\u00f3n Ib\u00e9rico y queso<\/div><\/div><div class=\"menu-item\"><div class=\"menu-item-title-row\"><div class=\"menu-item-title\">Escalopines al cabrales<\/div><span class=\"price\">18,00\u20ac<\/span><\/div><\/div><div class=\"menu-item\"><div class=\"menu-item-title-row\"><div class=\"menu-item-title\">Carne guisada con patatinas fritas<\/div><span class=\"price\">16,00\u20ac<\/span><\/div><\/div><\/div>\t\t<\/div>\n\t\t\t\t<\/div>\n\t\t\t\t<div class=\"elementor-element elementor-element-509cb02 elementor-widget elementor-widget-text-editor\" data-id=\"509cb02\" data-element_type=\"widget\" data-widget_type=\"text-editor.default\">\n\t\t\t\t<div class=\"elementor-widget-container\">\n\t\t\t\t\t\t\t<h6 style=\"text-align: center;\"><span style=\"color: #999999;\"><em>Incremento 10% en terraza<\/em><\/span><\/h6>\t\t\t\t\t\t<\/div>\n\t\t\t\t<\/div>\n\t\t\t\t<div class=\"elementor-element elementor-element-ee2160d elementor-widget elementor-widget-heading\" data-id=\"ee2160d\" data-element_type=\"widget\" data-widget_type=\"heading.default\">\n\t\t\t\t<div class=\"elementor-widget-container\">\n\t\t\t<h2 class=\"elementor-heading-title elementor-size-default\">POSTRES<\/h2>\t\t<\/div>\n\t\t\t\t<\/div>\n\t\t\t\t<div class=\"elementor-element elementor-element-a26d9ad elementor-widget-divider--separator-type-pattern elementor-widget-divider--no-spacing elementor-widget-divider--view-line elementor-widget elementor-widget-divider\" data-id=\"a26d9ad\" data-element_type=\"widget\" data-widget_type=\"divider.default\">\n\t\t\t\t<div class=\"elementor-widget-container\">\n\t\t\t\t\t<div class=\"elementor-divider\" style=\"--divider-pattern-url: url(&quot;data:image\/svg+xml,%3Csvg xmlns=&#039;http:\/\/www.w3.org\/2000\/svg&#039; preserveAspectRatio=&#039;xMidYMid meet&#039; overflow=&#039;visible&#039; height=&#039;100%&#039; viewBox=&#039;0 0 117 26&#039; fill=&#039;black&#039; stroke=&#039;none&#039;%3E%3Cpath d=&#039;M3,1.5C5,4.9,6,8.8,6,13s-1.7,8.1-5,11.5C0.3,21.1,0,17.2,0,13S1,4.9,3,1.5z M16,1.5c2,3.4,3,7.3,3,11.5s-1,8.1-3,11.5c-2-4.1-3-8.3-3-12.5S14,4.3,16,1.5z M29,1.5c2,4.8,3,9.3,3,13.5s-1,7.4-3,9.5c-2-3.4-3-7.3-3-11.5S27,4.9,29,1.5z M41.1,1.5C43.7,4.9,45,8.8,45,13s-1,8.1-3,11.5c-2-3.4-3-7.3-3-11.5S39.7,4.9,41.1,1.5zM55,1.5c2,2.8,3,6.3,3,10.5s-1.3,8.4-4,12.5c-1.3-3.4-2-7.3-2-11.5S53,4.9,55,1.5z M68,1.5c2,3.4,3,7.3,3,11.5s-0.7,8.1-2,11.5c-2.7-4.8-4-9.3-4-13.5S66,3.6,68,1.5z M82,1.5c1.3,4.8,2,9.3,2,13.5s-1,7.4-3,9.5c-2-3.4-3-7.3-3-11.5S79.3,4.9,82,1.5z M94,1.5c2,3.4,3,7.3,3,11.5s-1.3,8.1-4,11.5c-1.3-1.4-2-4.3-2-8.5S92,6.9,94,1.5z M107,1.5c2,2.1,3,5.3,3,9.5s-0.7,8.7-2,13.5c-2.7-3.4-4-7.3-4-11.5S105,4.9,107,1.5z&#039;\/%3E%3C\/svg%3E&quot;);\">\n\t\t\t<span class=\"elementor-divider-separator\">\n\t\t\t\t\t\t<\/span>\n\t\t<\/div>\n\t\t\t\t<\/div>\n\t\t\t\t<\/div>\n\t\t\t\t<div class=\"elementor-element elementor-element-e37ce07 elementor-widget elementor-widget-restaurant-menu-widget\" data-id=\"e37ce07\" data-element_type=\"widget\" data-widget_type=\"restaurant-menu-widget.default\">\n\t\t\t\t<div class=\"elementor-widget-container\">\n\t\t\t<div class=\"elementor-restaurant-menu-widget\"><div class=\"menu-item\"><div class=\"menu-item-title-row\"><div class=\"menu-item-title\">Frixuelos con az\u00facar<\/div><span class=\"price\">3,50\u20ac<\/span><\/div><\/div><div class=\"menu-item\"><div class=\"menu-item-title-row\"><div class=\"menu-item-title\">Frixuelo rellenos de compota de manzana<\/div><span class=\"price\">5,50\u20ac<\/span><\/div><\/div><div class=\"menu-item\"><div class=\"menu-item-title-row\"><div class=\"menu-item-title\">Tocinillo<\/div><span class=\"price\">3,50\u20ac<\/span><\/div><\/div><\/div>\t\t<\/div>\n\t\t\t\t<\/div>\n\t\t\t\t<div class=\"elementor-element elementor-element-a97db6b elementor-widget elementor-widget-text-editor\" data-id=\"a97db6b\" data-element_type=\"widget\" data-widget_type=\"text-editor.default\">\n\t\t\t\t<div class=\"elementor-widget-container\">\n\t\t\t\t\t\t\t<h6 style=\"text-align: center;\"><span style=\"color: #999999;\"><em>Incremento 10% en terraza<\/em><\/span><\/h6>\t\t\t\t\t\t<\/div>\n\t\t\t\t<\/div>\n\t\t\t\t\t<\/div>\n\t\t<\/div>\n\t\t\t\t\t<\/div>\n\t\t<\/section>\n\t\t\t\t<section class=\"elementor-section elementor-top-section elementor-element elementor-element-b6e621c elementor-section-stretched elementor-section-boxed elementor-section-height-default elementor-section-height-default\" data-id=\"b6e621c\" data-element_type=\"section\" data-settings=\"{&quot;stretch_section&quot;:&quot;section-stretched&quot;}\">\n\t\t\t\t\t\t<div class=\"elementor-container elementor-column-gap-default\">\n\t\t\t\t\t<div class=\"elementor-column elementor-col-50 elementor-top-column elementor-element elementor-element-9437110\" data-id=\"9437110\" data-element_type=\"column\">\n\t\t\t<div class=\"elementor-widget-wrap elementor-element-populated\">\n\t\t\t\t\t\t<div class=\"elementor-element elementor-element-9daddf9 elementor-widget elementor-widget-google_maps\" data-id=\"9daddf9\" data-element_type=\"widget\" data-widget_type=\"google_maps.default\">\n\t\t\t\t<div class=\"elementor-widget-container\">\n\t\t\t\t\t<div class=\"elementor-custom-embed\">\n\t\t\t<iframe loading=\"lazy\"\n\t\t\t\t\tsrc=\"https:\/\/maps.google.com\/maps?q=El%20Estanco%20de%20Somi%C3%B3Plaza%20Villaman%C3%ADn%2C%2097%2C%2033203%20Gij%C3%B3n%2C%20Asturias&#038;t=m&#038;z=10&#038;output=embed&#038;iwloc=near\"\n\t\t\t\t\ttitle=\"El Estanco de Somi\u00f3Plaza Villaman\u00edn, 97, 33203 Gij\u00f3n, Asturias\"\n\t\t\t\t\taria-label=\"El Estanco de Somi\u00f3Plaza Villaman\u00edn, 97, 33203 Gij\u00f3n, Asturias\"\n\t\t\t><\/iframe>\n\t\t<\/div>\n\t\t\t\t<\/div>\n\t\t\t\t<\/div>\n\t\t\t\t\t<\/div>\n\t\t<\/div>\n\t\t\t\t<div class=\"elementor-column elementor-col-50 elementor-top-column elementor-element elementor-element-b39d188\" data-id=\"b39d188\" data-element_type=\"column\">\n\t\t\t<div class=\"elementor-widget-wrap elementor-element-populated\">\n\t\t\t\t\t\t<div class=\"elementor-element elementor-element-000969a elementor-widget elementor-widget-heading\" data-id=\"000969a\" data-element_type=\"widget\" data-widget_type=\"heading.default\">\n\t\t\t\t<div class=\"elementor-widget-container\">\n\t\t\t<h4 class=\"elementor-heading-title elementor-size-default\">CONTACTO<\/h4>\t\t<\/div>\n\t\t\t\t<\/div>\n\t\t\t\t<div class=\"elementor-element elementor-element-bee1f22 elementor-widget elementor-widget-text-editor\" data-id=\"bee1f22\" data-element_type=\"widget\" data-widget_type=\"text-editor.default\">\n\t\t\t\t<div class=\"elementor-widget-container\">\n\t\t\t\t\t\t\t<p style=\"text-align: center;\"><span style=\"color: #000000;\"><span class=\"w8qArf\">Tel\u00e9fono: <\/span><span class=\"LrzXr zdqRlf kno-fv\">985 36 90 53<\/span><\/span><\/p><p style=\"text-align: center;\"><span style=\"color: #000000;\"><span class=\"w8qArf\">Direcci\u00f3n: <\/span><span class=\"LrzXr\">Plaza Villaman\u00edn, 97, 33203 Gij\u00f3n, Asturias<\/span><\/span><\/p>\t\t\t\t\t\t<\/div>\n\t\t\t\t<\/div>\n\t\t\t\t<div class=\"elementor-element elementor-element-e0abf39 elementor-widget elementor-widget-heading\" data-id=\"e0abf39\" data-element_type=\"widget\" data-widget_type=\"heading.default\">\n\t\t\t\t<div class=\"elementor-widget-container\">\n\t\t\t<h4 class=\"elementor-heading-title elementor-size-default\">HORARIO<\/h4>\t\t<\/div>\n\t\t\t\t<\/div>\n\t\t\t\t<div class=\"elementor-element elementor-element-c1c7acf elementor-widget elementor-widget-text-editor\" data-id=\"c1c7acf\" data-element_type=\"widget\" data-widget_type=\"text-editor.default\">\n\t\t\t\t<div class=\"elementor-widget-container\">\n\t\t\t\t\t\t\t<p style=\"text-align: left;\"><span style=\"color: #000000;\">Lunes: 13:00 a 16:00<\/span><\/p><p style=\"text-align: left;\"><span style=\"color: #000000;\">Martes: 13:00 a 16:00<\/span><\/p><p style=\"text-align: left;\"><span style=\"color: #000000;\">Mi\u00e9rcoles: Cerrado<\/span><\/p><p style=\"text-align: left;\"><span style=\"color: #000000;\">Jueves: 13:00 a 16:00 y 20:00 a 23:00<\/span><\/p><p style=\"text-align: left;\"><span style=\"color: #000000;\">Viernes: 13:00 a 15:30 y 20:00 a 00:00<\/span><\/p><p style=\"text-align: left;\"><span style=\"color: #000000;\">S\u00e1bado: 13:00 a 16:30 y 20:00 a 00:00<\/span><\/p><p style=\"text-align: left;\"><span style=\"color: #000000;\">Domingo: 13:00 a 16:00<br \/><\/span><\/p>\t\t\t\t\t\t<\/div>\n\t\t\t\t<\/div>\n\t\t\t\t\t<\/div>\n\t\t<\/div>\n\t\t\t\t\t<\/div>\n\t\t<\/section>\n\t\t\t\t<\/div>\n\t\t","protected":false},"excerpt":{"rendered":"<p>platos del d\u00eda PARA PICAR Tomate ali\u00f1ado8,50\u20acTomate con mozarella11,50\u20acEnsalada de queso con nueces caramelizadas y vinagreta de miel15,00\u20acEnsalada de mango y aguacate con gamb\u00f3n a la plancha22,00\u20acEnsaladilla rusa10,00\u20acCroquetas de jam\u00f3n ib\u00e9rico15,50\u20acCriollo c\/patatas fritas10,30\u20acBocartes14,00\u20acCalamares frescos fritos19,50\u20acRevuelto de gamb\u00f3n15,50\u20acRevuelto de setas y jam\u00f3n ib\u00e9rico14,00\u20acTortilla de patata peque\u00f1a14,00\u20acTortilla de patata mediana18,00\u20acTortilla de patata grande 22,00\u20acMejillones tigre14,00\u20acCalamares tinta con &#8230; <a title=\"Carta\" class=\"read-more\" href=\"http:\/\/virtualsn.es\/cartas_hosteleria\/estanco\/\" aria-label=\"Leer m\u00e1s sobre Carta\">Leer m\u00e1s<\/a><\/p>\n","protected":false},"author":1,"featured_media":0,"parent":0,"menu_order":0,"comment_status":"closed","ping_status":"closed","template":"","meta":{"footnotes":""},"class_list":["post-10","page","type-page","status-publish"],"_links":{"self":[{"href":"http:\/\/virtualsn.es\/cartas_hosteleria\/estanco\/wp-json\/wp\/v2\/pages\/10"}],"collection":[{"href":"http:\/\/virtualsn.es\/cartas_hosteleria\/estanco\/wp-json\/wp\/v2\/pages"}],"about":[{"href":"http:\/\/virtualsn.es\/cartas_hosteleria\/estanco\/wp-json\/wp\/v2\/types\/page"}],"author":[{"embeddable":true,"href":"http:\/\/virtualsn.es\/cartas_hosteleria\/estanco\/wp-json\/wp\/v2\/users\/1"}],"replies":[{"embeddable":true,"href":"http:\/\/virtualsn.es\/cartas_hosteleria\/estanco\/wp-json\/wp\/v2\/comments?post=10"}],"version-history":[{"count":549,"href":"http:\/\/virtualsn.es\/cartas_hosteleria\/estanco\/wp-json\/wp\/v2\/pages\/10\/revisions"}],"predecessor-version":[{"id":639,"href":"http:\/\/virtualsn.es\/cartas_hosteleria\/estanco\/wp-json\/wp\/v2\/pages\/10\/revisions\/639"}],"wp:attachment":[{"href":"http:\/\/virtualsn.es\/cartas_hosteleria\/estanco\/wp-json\/wp\/v2\/media?parent=10"}],"curies":[{"name":"wp","href":"https:\/\/api.w.org\/{rel}","templated":true}]}}